{"id":28,"date":"2026-02-03T03:18:46","date_gmt":"2026-02-03T03:18:46","guid":{"rendered":"https:\/\/leticiahidalgo.com\/?page_id=28"},"modified":"2026-02-05T23:20:10","modified_gmt":"2026-02-05T23:20:10","slug":"aviso-legal","status":"publish","type":"page","link":"https:\/\/leticiahidalgo.com\/?page_id=28","title":{"rendered":"Aviso Legal"},"content":{"rendered":"\t\t<div data-elementor-type=\"wp-page\" data-elementor-id=\"28\" class=\"elementor elementor-28\" data-elementor-post-type=\"page\">\n\t\t\t\t\t\t<section class=\"elementor-section elementor-top-section elementor-element elementor-element-d0cbcd5 elementor-section-boxed elementor-section-height-default elementor-section-height-default elementor-invisible\" data-id=\"d0cbcd5\" data-element_type=\"section\" data-e-type=\"section\" data-settings=\"{&quot;background_background&quot;:&quot;classic&quot;,&quot;animation&quot;:&quot;fadeIn&quot;}\">\n\t\t\t\t\t\t<div class=\"elementor-container elementor-column-gap-no\">\n\t\t\t\t\t<div class=\"elementor-column elementor-col-100 elementor-top-column elementor-element elementor-element-0f7d8e3\" data-id=\"0f7d8e3\" data-element_type=\"column\" data-e-type=\"column\">\n\t\t\t<div class=\"elementor-widget-wrap elementor-element-populated\">\n\t\t\t\t\t\t<div class=\"elementor-element elementor-element-5920344 elementor-widget elementor-widget-elementskit-heading\" data-id=\"5920344\" data-element_type=\"widget\" data-e-type=\"widget\" data-widget_type=\"elementskit-heading.default\">\n\t\t\t\t\t<div class=\"ekit-wid-con\" ><div class=\"ekit-heading elementskit-section-title-wraper text_center   ekit_heading_tablet-   ekit_heading_mobile-\"><h1 class=\"ekit-heading--title elementskit-section-title \">Aviso Legal<\/h1><\/div><\/div>\t\t\t\t<\/div>\n\t\t\t\t\t<\/div>\n\t\t<\/div>\n\t\t\t\t\t<\/div>\n\t\t<\/section>\n\t\t<div class=\"elementor-element elementor-element-b2eeebd e-flex e-con-boxed e-con e-parent\" data-id=\"b2eeebd\" data-element_type=\"container\" data-e-type=\"container\">\n\t\t\t\t\t<div class=\"e-con-inner\">\n\t\t\t\t<div class=\"elementor-element elementor-element-13bbb0a elementor-widget elementor-widget-html\" data-id=\"13bbb0a\" data-element_type=\"widget\" data-e-type=\"widget\" data-widget_type=\"html.default\">\n\t\t\t\t\t<div class=\"text-block\" >\r\n\r\n<\/div>\r\n<script> \r\n \r\nlet textBlock = document.querySelector(\".text-block\") \r\n\r\nlet company = \"LETICIA HIDALGO MONEDERO\";\r\nlet websiteUrl = \"https:\/\/leticiahidalgo.com\/\";\r\nlet nif = \"71279158L\"\r\nlet email = \"lhmonedero@gmail.com\"\r\nlet socialActivity = \"\"\r\n\r\nlet txt = `\r\nEn virtud de las obligaciones establecidas por la Ley 34\/2002, de Servicios de la Sociedad de la Informaci\u00f3n y de Comercio Electr\u00f3nico, te informo que:\r\n\r\nDatos identificativo del responsable\r\n<ul>\r\n\t<li>Denominaci\u00f3n social: <span style=\"letter-spacing: -0.27px;\"><b>${company}<\/b><\/span><\/li>\r\n\t<li>NIF:\u00a0<span style=\"font-weight: bold;\">${nif}<\/span><\/li>\r\n\t<li>Actividad social:\u00a0<b>${socialActivity}\u00a0<\/b><\/li>\r\n\t<li>Email de contacto:\u00a0<b style=\"background-color: var( --e-global-color-dae4b67 ); font-family: var( --e-global-typography-text-font-family ), Sans-serif; font-size: var( --e-global-typography-text-font-size ); letter-spacing: -0.015em; text-transform: var( --e-global-typography-text-text-transform );\"><a href=\"mailto:${email}\">${email}<\/a><\/b><\/li>\r\n\r\n<\/ul>\r\n\r\n<h5>Acceso y Uso del Sitio Web<\/h5>\r\nEl acceso y\/o el uso de este sitio web atribuyen la condici\u00f3n de USUARIO, aceptando los presentes t\u00e9rminos de uso. El mero uso de la web no significa el inicio de una relaci\u00f3n laboral o comercial entre\u00a0<span style=\"font-weight: bold; letter-spacing: -0.27px;\">${company}<\/span>\u00a0y el usuario.\r\n\r\nTanto el acceso al Sitio Web como el uso no consentido que pueda efectuarse de la informaci\u00f3n contenida en el mismo es de la exclusiva responsabilidad de quien lo realiza.\r\n\r\nEl usuario se compromete a utilizar los contenidos, informaci\u00f3n y datos del Sitio Web de conformidad con las presentes condiciones, t\u00e9rminos y pol\u00edticas, con la normativa de aplicaci\u00f3n y con las buenas costumbres generalmente aceptadas y el orden p\u00fablico.\r\n\r\nEl usuario se obliga a abstenerse de utilizar los contenidos del Sitio Web con fines o efectos il\u00edcitos, prohibidos o contrarios a los aqu\u00ed establecidos, lesivos de los derechos e intereses de\u00a0<span style=\"font-weight: bold; letter-spacing: -0.27px;\">${company}<\/span>, de los dem\u00e1s usuarios, de terceros o que de cualquier forma puedan da\u00f1ar, inutilizar, sobrecargar o deteriorar el presente Sitio Web o impedir la normal utilizaci\u00f3n o disfrute del mismo por parte de los usuarios.\r\n<h5>Exclusi\u00f3n de garant\u00edas y responsabilidad<\/h5>\r\n<span style=\"font-weight: bold; letter-spacing: -0.27px; color: var( --e-global-color-primary ); font-family: var( --e-global-typography-b2ce6af-font-family ), Sans-serif; font-size: var( --e-global-typography-b2ce6af-font-size ); font-style: var( --e-global-typography-b2ce6af-font-style ); text-transform: var( --e-global-typography-b2ce6af-text-transform ); word-spacing: var( --e-global-typography-b2ce6af-word-spacing );\">${company}<\/span><span style=\"letter-spacing: -0.27px;\"><b>\u00a0<\/b><\/span>no responder\u00e1 de ninguna consecuencia, da\u00f1o o perjuicio que pudiera derivarse de dicho acceso o uso o del incumplimiento de las presentes condiciones, t\u00e9rminos y pol\u00edticas ni se har\u00e1 responsable de los errores de seguridad que se puedan producir ni de los da\u00f1os que puedan causarse al sistema inform\u00e1tico del usuario (hardware y software) o a los ficheros o documentos almacenados en el mismo como consecuencia de: (i) la presencia de un virus en el ordenador del usuario que sea utilizado para la conexi\u00f3n a los servicios y\/o productos ofrecidos por\u00a0<span style=\"font-weight: bold; letter-spacing: -0.27px;\">${company}<\/span>\u00a0a trav\u00e9s de su Sitio Web; (ii) un mal funcionamiento del navegador; (iii) el uso de versiones no actualizadas del mismo.\r\n\r\nEste Sitio Web no se destina a menores de edad, por lo que el Prestador declina cualquier responsabilidad por el incumplimiento de este requisito.\r\n<h5>Propiedad Intelectual e Industrial<\/h5>\r\nEl usuario reconoce y acepta que todos los derechos de propiedad industrial e intelectual sobre los contenidos y\/o cualesquiera otros elementos insertados por\u00a0<span style=\"font-weight: bold; letter-spacing: -0.27px;\">${company}<\/span>\u00a0en el presente Sitio Web (incluyendo, a t\u00edtulo meramente enunciativo y no limitativo, todos aquellos elementos que conforman la apariencia visual, imagen gr\u00e1fica y otros est\u00edmulos sensoriales del sitio web o \u201clook and feel\u201d: marcas, logotipos, nombres comerciales, textos, im\u00e1genes, gr\u00e1ficos, dise\u00f1os, sonidos, bases de datos, software, diagramas de flujo, presentaci\u00f3n, arquitectura de navegaci\u00f3n, as\u00ed como los c\u00f3digos fuente de las p\u00e1ginas web) pertenecen a\u00a0<span style=\"font-weight: bold; letter-spacing: -0.27px;\">${company}<\/span>\u00a0y\/o a terceros a los cuales les han cedido sus derechos.\r\n\r\nEn ning\u00fan caso el acceso al Sitio Web implica alg\u00fan tipo de permiso, renuncia, transmisi\u00f3n, licencia o cesi\u00f3n total ni parcial de dichos derechos por parte de sus titulares, salvo que se establezca expresamente lo contrario. Los presentes t\u00e9rminos y condiciones de uso del Sitio Web no confieren a los USUARIOS ning\u00fan otro derecho de utilizaci\u00f3n, alteraci\u00f3n, explotaci\u00f3n, reproducci\u00f3n, distribuci\u00f3n o comunicaci\u00f3n p\u00fablica del Sitio Web y\/o de sus contenidos distintos de los aqu\u00ed expresamente previstos.\r\n\r\nQueda terminantemente prohibida la utilizaci\u00f3n de tales elementos, su total o parcial reproducci\u00f3n, comunicaci\u00f3n y\/o distribuci\u00f3n con fines comerciales o lucrativos, as\u00ed como su modificaci\u00f3n, alteraci\u00f3n, descompilaci\u00f3n y\/o cualquier otro acto de explotaci\u00f3n del Sitio Web.\r\n\r\nSin perjuicio de todo lo anterior, si el Usuario o un tercero estima que alg\u00fan contenido del Sitio Web pudiera vulnerar derechos de propiedad intelectual e industrial, rogamos as\u00ed lo pongan en nuestro conocimiento a la mayor brevedad posible al email\u00a0<a style=\"font-family: var( --e-global-typography-text-font-family ), Sans-serif; font-size: var( --e-global-typography-text-font-size ); font-weight: bold; letter-spacing: -0.015em; text-transform: var( --e-global-typography-text-text-transform ); font-style: var( --e-global-typography-b2ce6af-font-style ); word-spacing: var( --e-global-typography-b2ce6af-word-spacing );\" href=\"mailto:${email}\">${email}<\/a>\r\n<h5>Pol\u00edtica de enlaces<\/h5>\r\nEn el presente Sitio Web se pueden utilizar enlaces con otras p\u00e1ginas o sitios web.\u00a0<span style=\"font-weight: bold; letter-spacing: -0.27px;\">${company}<\/span>\u00a0no se responsabiliza ni del contenido ni de las medidas de seguridad adoptadas por cualquier otra p\u00e1gina o sitio web a trav\u00e9s del cual se tiene acceso desde el presente Sitio Web, sitios a los que accede el interesado bajo su exclusiva responsabilidad.\r\n\r\nAsimismo, tampoco se garantiza la ausencia de virus u otros elementos en los contenidos enlazados desde el Sitio Web\u00a0sitioweb.com\u00a0que puedan producir alteraciones en el sistema inform\u00e1tico (hardware y software) y\/o en los documentos o los ficheros del Usuario, excluyendo asimismo a\u00a0<span style=\"font-weight: bold; letter-spacing: -0.27px;\">${company}<\/span>\u00a0de toda responsabilidad derivada de los da\u00f1os de cualquier \u00edndole ocasionados por todo lo anterior.\r\n<h5>Protecci\u00f3n de datos<\/h5>\r\nPROTECCI\u00d3N DE DATOS : De conformidad con lo dispuesto en el Reglamento (UE) 2016\/679, de 27 de abril (GDPR), y la Ley Org\u00e1nica 3\/2018, de 5 de diciembre (LOPDGDD), le informamos de que los datos personales y la direcci\u00f3n de correo electr\u00f3nico del interesado, se tratar\u00e1n bajo la responsabilidad de \u00a1, S.L. por un inter\u00e9s leg\u00edtimo y para el env\u00edo de comunicaciones sobre nuestros productos y servicios, y se conservar\u00e1n mientras ninguna de las partes se opongan a ello. Los datos no se comunicar\u00e1n a terceros, salvo obligaci\u00f3n legal. Le informamos de que puede ejercer los derechos de acceso, rectificaci\u00f3n, portabilidad y supresi\u00f3n de sus datos y los de limitaciones y oposici\u00f3n a su tratamiento dirigi\u00e9ndose a Calle Juan Ramon Jimenez s\/n. Poligono Industrial Pentasa 3 Nave 188 - 09007 Burgos email : info@autoservicio.com. Si considera que el tratamiento no se ajusta a la normativa vigente, podr\u00e1 presentar una reclamaci\u00f3n ante la autoridad de control en www.aepd.es\r\n\r\nConforme a lo previsto en el art\u00edculo 5 de la LOPD, se informa al Usuario que los datos personales recabados por el Prestador, mediante los formularios extendidos en sus p\u00e1ginas, ser\u00e1n introducidos en un fichero automatizado bajo la responsabilidad de\u00a0<span style=\"font-weight: bold; letter-spacing: -0.27px;\">${company}<\/span>, y debidamente declarado e inscrito en el Registro General de la Agencia de Protecci\u00f3n de Datos, con la finalidad de poder facilitar, agilizar y cumplir los compromisos establecidos entre ambas partes o el mantenimiento de la relaci\u00f3n que se establezca en los formularios que suscriba o para atender una solicitud o consulta.\r\n\r\nMientras el Usuario no comunique lo contrario al Prestador, se entender\u00e1 que sus datos no han sido modificados, que el Usuario se compromete a notificar cualquier variaci\u00f3n y que tiene el consentimiento para utilizarlos para las finalidades determinadas, expl\u00edcitas y leg\u00edtimas para las que se hayan obtenido. Pudiendo incluso ser, adem\u00e1s, utilizados con una finalidad comercial de personalizaci\u00f3n, operativa y estad\u00edstica, y actividades propias de su objeto social, autorizando expresamente a\u00a0<span style=\"font-weight: bold; letter-spacing: -0.27px;\">${company}<\/span>\u00a0para la extracci\u00f3n, almacenamiento de datos y estudios de marketing para adecuar el Contenido ofertado al Usuario, y as\u00ed mejorar la calidad, funcionamiento y navegaci\u00f3n por el Sitio Web.\r\n\r\nDe igual forma, el Usuario tiene acceso en todo momento a modificar, editar o eliminar la informaci\u00f3n proporcionada, as\u00ed como gestionar su baja directamente, o mediante solicitud dirigida al contacto mostrado en la secci\u00f3n de direcciones de contacto dirigido a\u00a0<span style=\"font-weight: bold; letter-spacing: -0.27px;\">${company}<\/span>\u00a0junto con copia de su DNI o documento acreditativo equivalente.\r\n\r\nIgualmente podr\u00e1 darse de baja a trav\u00e9s del enlace que le aparecer\u00e1 al final de cada newsletter.\r\n<h5>Modificaci\u00f3n de los T\u00e9rminos y Condiciones de Uso, Pol\u00edtica de Privacidad y de Protecci\u00f3n de Datos<\/h5>\r\n<span style=\"font-weight: bold; letter-spacing: -0.27px; color: var( --e-global-color-primary ); font-family: var( --e-global-typography-b2ce6af-font-family ), Sans-serif; font-size: var( --e-global-typography-b2ce6af-font-size ); font-style: var( --e-global-typography-b2ce6af-font-style ); text-transform: var( --e-global-typography-b2ce6af-text-transform ); word-spacing: var( --e-global-typography-b2ce6af-word-spacing );\">${company}<\/span><span style=\"letter-spacing: -0.27px;\"><b><i>\u00a0<\/i><\/b><\/span>se reserva el derecho a modificar en todo momento y sin previo aviso las presentes condiciones, t\u00e9rminos y pol\u00edticas de privacidad para adaptarlas a las novedades legislativas o jurisprudenciales as\u00ed como a las modificaciones o pr\u00e1cticas de la industria, debiendo el usuario consultar peri\u00f3dicamente las presentes condiciones, t\u00e9rminos y pol\u00edticas a fin de comprobar o cerciorarse de la existencia de cambios en las mismas, tomando como referencia la fecha de la \u00faltima actualizaci\u00f3n.\r\n<h5>Legislaci\u00f3n aplicable y jurisdicci\u00f3n<\/h5>\r\nLa relaci\u00f3n entre\u00a0<span style=\"font-weight: bold; letter-spacing: -0.27px;\">${company}<\/span>\u00a0y el USUARIO se regir\u00e1 por la normativa espa\u00f1ola vigente y cualquier controversia se someter\u00e1 a los Juzgados y tribunales, salvo que la Ley aplicable disponga otra cosa.\r\n\r\n`\r\ntextBlock.innerHTML= txt\r\n\r\n<\/script>\r\n<style>\r\n\r\n    p, h5, b, a {\r\n        font-family: \"Chillax\", Sans-serif;\r\n        font-weight: 400;\r\n    }\r\n   .text-block {\r\n       padding: 80px 20px\r\n   }\r\n   \r\n<\/style>\r\n\t\t\t\t<\/div>\n\t\t\t\t\t<\/div>\n\t\t\t\t<\/div>\n\t\t\t\t<\/div>\n\t\t","protected":false},"excerpt":{"rendered":"","protected":false},"author":1,"featured_media":0,"parent":0,"menu_order":0,"comment_status":"closed","ping_status":"closed","template":"elementor_header_footer","meta":{"footnotes":""},"class_list":["post-28","page","type-page","status-publish","hentry"],"_links":{"self":[{"href":"https:\/\/leticiahidalgo.com\/index.php?rest_route=\/wp\/v2\/pages\/28","targetHints":{"allow":["GET"]}}],"collection":[{"href":"https:\/\/leticiahidalgo.com\/index.php?rest_route=\/wp\/v2\/pages"}],"about":[{"href":"https:\/\/leticiahidalgo.com\/index.php?rest_route=\/wp\/v2\/types\/page"}],"author":[{"embeddable":true,"href":"https:\/\/leticiahidalgo.com\/index.php?rest_route=\/wp\/v2\/users\/1"}],"replies":[{"embeddable":true,"href":"https:\/\/leticiahidalgo.com\/index.php?rest_route=%2Fwp%2Fv2%2Fcomments&post=28"}],"version-history":[{"count":7,"href":"https:\/\/leticiahidalgo.com\/index.php?rest_route=\/wp\/v2\/pages\/28\/revisions"}],"predecessor-version":[{"id":213,"href":"https:\/\/leticiahidalgo.com\/index.php?rest_route=\/wp\/v2\/pages\/28\/revisions\/213"}],"wp:attachment":[{"href":"https:\/\/leticiahidalgo.com\/index.php?rest_route=%2Fwp%2Fv2%2Fmedia&parent=28"}],"curies":[{"name":"wp","href":"https:\/\/api.w.org\/{rel}","templated":true}]}}