{"id":24,"date":"2026-02-03T03:18:04","date_gmt":"2026-02-03T03:18:04","guid":{"rendered":"https:\/\/leticiahidalgo.com\/?page_id=24"},"modified":"2026-02-11T00:30:27","modified_gmt":"2026-02-11T00:30:27","slug":"sobre-mi","status":"publish","type":"page","link":"https:\/\/leticiahidalgo.com\/?page_id=24","title":{"rendered":"Sobre m\u00ed"},"content":{"rendered":"\t\t<div data-elementor-type=\"wp-page\" data-elementor-id=\"24\" class=\"elementor elementor-24\" data-elementor-post-type=\"page\">\n\t\t\t\t\t\t<section class=\"elementor-section elementor-top-section elementor-element elementor-element-7867a740 elementor-section-boxed elementor-section-height-default elementor-section-height-default elementor-invisible\" data-id=\"7867a740\" data-element_type=\"section\" data-e-type=\"section\" data-settings=\"{&quot;background_background&quot;:&quot;classic&quot;,&quot;animation&quot;:&quot;fadeIn&quot;}\">\n\t\t\t\t\t\t\t<div class=\"elementor-background-overlay\"><\/div>\n\t\t\t\t\t\t\t<div class=\"elementor-container elementor-column-gap-no\">\n\t\t\t\t\t<div class=\"elementor-column elementor-col-100 elementor-top-column elementor-element elementor-element-935919f\" data-id=\"935919f\" data-element_type=\"column\" data-e-type=\"column\">\n\t\t\t<div class=\"elementor-widget-wrap elementor-element-populated\">\n\t\t\t\t\t\t<div class=\"elementor-element elementor-element-1dc58fb3 elementor-widget elementor-widget-text-editor\" data-id=\"1dc58fb3\" data-element_type=\"widget\" data-e-type=\"widget\" data-widget_type=\"text-editor.default\">\n\t\t\t\t\t\t\t\t\t<p>Inicio &#8211; Sobre m\u00ed<\/p>\t\t\t\t\t\t\t\t<\/div>\n\t\t\t\t\t<\/div>\n\t\t<\/div>\n\t\t\t\t\t<\/div>\n\t\t<\/section>\n\t\t\t\t<section class=\"elementor-section elementor-top-section elementor-element elementor-element-25c343f elementor-section-boxed elementor-section-height-default elementor-section-height-default elementor-invisible\" data-id=\"25c343f\" data-element_type=\"section\" data-e-type=\"section\" data-settings=\"{&quot;animation&quot;:&quot;fadeIn&quot;}\">\n\t\t\t\t\t\t<div class=\"elementor-container elementor-column-gap-no\">\n\t\t\t\t\t<div class=\"elementor-column elementor-col-33 elementor-top-column elementor-element elementor-element-189e7e5\" data-id=\"189e7e5\" data-element_type=\"column\" data-e-type=\"column\">\n\t\t\t<div class=\"elementor-widget-wrap elementor-element-populated\">\n\t\t\t\t\t\t<div class=\"elementor-element elementor-element-ac30e36 elementor-widget elementor-widget-image\" data-id=\"ac30e36\" data-element_type=\"widget\" data-e-type=\"widget\" data-widget_type=\"image.default\">\n\t\t\t\t\t\t\t\t\t\t\t\t\t\t\t<img fetchpriority=\"high\" decoding=\"async\" width=\"321\" height=\"383\" src=\"https:\/\/leticiahidalgo.com\/wp-content\/uploads\/2026\/02\/cozy-armchair-in-minimalist-bedroom-interior-desig-2022-07-01-13-18-15-utc.jpg\" class=\"attachment-full size-full wp-image-54\" alt=\"\" srcset=\"https:\/\/leticiahidalgo.com\/wp-content\/uploads\/2026\/02\/cozy-armchair-in-minimalist-bedroom-interior-desig-2022-07-01-13-18-15-utc.jpg 321w, https:\/\/leticiahidalgo.com\/wp-content\/uploads\/2026\/02\/cozy-armchair-in-minimalist-bedroom-interior-desig-2022-07-01-13-18-15-utc-251x300.jpg 251w\" sizes=\"(max-width: 321px) 100vw, 321px\" \/>\t\t\t\t\t\t\t\t\t\t\t\t\t\t\t<\/div>\n\t\t\t\t\t<\/div>\n\t\t<\/div>\n\t\t\t\t<div class=\"elementor-column elementor-col-33 elementor-top-column elementor-element elementor-element-e72cb0a\" data-id=\"e72cb0a\" data-element_type=\"column\" data-e-type=\"column\">\n\t\t\t<div class=\"elementor-widget-wrap elementor-element-populated\">\n\t\t\t\t\t\t<div class=\"elementor-element elementor-element-b0fb54d elementor-widget elementor-widget-image\" data-id=\"b0fb54d\" data-element_type=\"widget\" data-e-type=\"widget\" data-widget_type=\"image.default\">\n\t\t\t\t\t\t\t\t\t\t\t\t\t\t\t<img decoding=\"async\" width=\"321\" height=\"383\" src=\"https:\/\/leticiahidalgo.com\/wp-content\/uploads\/2026\/02\/modern-office-building-glass-facade-2022-12-15-21-45-02-utc.jpg\" class=\"attachment-full size-full wp-image-55\" alt=\"\" srcset=\"https:\/\/leticiahidalgo.com\/wp-content\/uploads\/2026\/02\/modern-office-building-glass-facade-2022-12-15-21-45-02-utc.jpg 321w, https:\/\/leticiahidalgo.com\/wp-content\/uploads\/2026\/02\/modern-office-building-glass-facade-2022-12-15-21-45-02-utc-251x300.jpg 251w\" sizes=\"(max-width: 321px) 100vw, 321px\" \/>\t\t\t\t\t\t\t\t\t\t\t\t\t\t\t<\/div>\n\t\t\t\t\t<\/div>\n\t\t<\/div>\n\t\t\t\t<div class=\"elementor-column elementor-col-33 elementor-top-column elementor-element elementor-element-c64f800\" data-id=\"c64f800\" data-element_type=\"column\" data-e-type=\"column\">\n\t\t\t<div class=\"elementor-widget-wrap elementor-element-populated\">\n\t\t\t\t\t\t<div class=\"elementor-element elementor-element-32f804b elementor-widget elementor-widget-elementskit-heading\" data-id=\"32f804b\" data-element_type=\"widget\" data-e-type=\"widget\" data-widget_type=\"elementskit-heading.default\">\n\t\t\t\t\t<div class=\"ekit-wid-con\" ><div class=\"ekit-heading elementskit-section-title-wraper text_right   ekit_heading_tablet-text_left   ekit_heading_mobile-\"><h2 class=\"ekit-heading--title elementskit-section-title \">Especializaci\u00f3n en obra p\u00fablica municipal<\/h2><div class=\"ekit_heading_separetor_wraper ekit_heading_elementskit-border-divider elementskit-style-long\"><div class=\"elementskit-border-divider elementskit-style-long\"><\/div><\/div><\/div><\/div>\t\t\t\t<\/div>\n\t\t\t\t<div class=\"elementor-element elementor-element-620c845 elementor-widget__width-initial elementor-widget elementor-widget-text-editor\" data-id=\"620c845\" data-element_type=\"widget\" data-e-type=\"widget\" data-widget_type=\"text-editor.default\">\n\t\t\t\t\t\t\t\t\t<p>Intervenci\u00f3n t\u00e9cnica en proyectos de obra p\u00fablica municipal, abarcando la redacci\u00f3n de proyectos y memorias valoradas, la direcci\u00f3n de obra y la coordinaci\u00f3n de seguridad y salud. Actuaciones orientadas a infraestructuras locales como pavimentaciones, espacios p\u00fablicos y servicios municipales, con atenci\u00f3n al cumplimiento normativo y a la correcta ejecuci\u00f3n t\u00e9cnica.<\/p>\t\t\t\t\t\t\t\t<\/div>\n\t\t\t\t\t<\/div>\n\t\t<\/div>\n\t\t\t\t\t<\/div>\n\t\t<\/section>\n\t\t\t\t<section class=\"elementor-section elementor-top-section elementor-element elementor-element-e109c00 elementor-section-boxed elementor-section-height-default elementor-section-height-default elementor-invisible\" data-id=\"e109c00\" data-element_type=\"section\" data-e-type=\"section\" data-settings=\"{&quot;animation&quot;:&quot;fadeIn&quot;}\">\n\t\t\t\t\t\t<div class=\"elementor-container elementor-column-gap-no\">\n\t\t\t\t\t<div class=\"elementor-column elementor-col-50 elementor-top-column elementor-element elementor-element-09136cd\" data-id=\"09136cd\" data-element_type=\"column\" data-e-type=\"column\">\n\t\t\t<div class=\"elementor-widget-wrap elementor-element-populated\">\n\t\t\t\t\t\t<div class=\"elementor-element elementor-element-9c703b0 elementor-widget elementor-widget-text-editor\" data-id=\"9c703b0\" data-element_type=\"widget\" data-e-type=\"widget\" data-widget_type=\"text-editor.default\">\n\t\t\t\t\t\t\t\t\t<p>Arquitecta t\u00e9cnica especializada en obra p\u00fablica municipal en la provincia de Burgos. Desarrollo de trabajos t\u00e9cnicos vinculados a proyectos, memorias valoradas, direcci\u00f3n de obra y coordinaci\u00f3n de seguridad y salud, adaptados a la normativa y a la gesti\u00f3n administrativa municipal.<\/p>\t\t\t\t\t\t\t\t<\/div>\n\t\t\t\t<div class=\"elementor-element elementor-element-21c66ad elementor-widget elementor-widget-elementskit-heading\" data-id=\"21c66ad\" data-element_type=\"widget\" data-e-type=\"widget\" data-widget_type=\"elementskit-heading.default\">\n\t\t\t\t\t<div class=\"ekit-wid-con\" ><div class=\"ekit-heading elementskit-section-title-wraper text_left   ekit_heading_tablet-   ekit_heading_mobile-\"><p class=\"ekit-heading--title elementskit-section-title \">Leticia Hidalgo Monedero<\/p><p class=\"ekit-heading--subtitle elementskit-section-subtitle  \">\n\t\t\t\t\t\tArquitecta T\u00e9cnica \u00b7 Direcci\u00f3n de Obra\n\t\t\t\t\t<\/p><\/div><\/div>\t\t\t\t<\/div>\n\t\t\t\t\t<\/div>\n\t\t<\/div>\n\t\t\t\t<div class=\"elementor-column elementor-col-50 elementor-top-column elementor-element elementor-element-59b62b4\" data-id=\"59b62b4\" data-element_type=\"column\" data-e-type=\"column\">\n\t\t\t<div class=\"elementor-widget-wrap elementor-element-populated\">\n\t\t\t\t\t\t<div class=\"elementor-element elementor-element-f743577 elementor-absolute elementor-hidden-tablet elementor-hidden-mobile elementor-widget elementor-widget-image\" data-id=\"f743577\" data-element_type=\"widget\" data-e-type=\"widget\" data-settings=\"{&quot;_position&quot;:&quot;absolute&quot;}\" data-widget_type=\"image.default\">\n\t\t\t\t\t\t\t\t\t\t\t\t\t\t\t<img decoding=\"async\" width=\"476\" height=\"568\" src=\"https:\/\/leticiahidalgo.com\/wp-content\/uploads\/2026\/02\/Logo.webp\" class=\"attachment-large size-large wp-image-115\" alt=\"\" srcset=\"https:\/\/leticiahidalgo.com\/wp-content\/uploads\/2026\/02\/Logo.webp 476w, https:\/\/leticiahidalgo.com\/wp-content\/uploads\/2026\/02\/Logo-251x300.webp 251w\" sizes=\"(max-width: 476px) 100vw, 476px\" \/>\t\t\t\t\t\t\t\t\t\t\t\t\t\t\t<\/div>\n\t\t\t\t\t<\/div>\n\t\t<\/div>\n\t\t\t\t\t<\/div>\n\t\t<\/section>\n\t\t\t\t<section class=\"elementor-section elementor-top-section elementor-element elementor-element-4c68d0aa elementor-section-boxed elementor-section-height-default elementor-section-height-default elementor-invisible\" data-id=\"4c68d0aa\" data-element_type=\"section\" data-e-type=\"section\" data-settings=\"{&quot;animation&quot;:&quot;fadeIn&quot;}\">\n\t\t\t\t\t\t<div class=\"elementor-container elementor-column-gap-no\">\n\t\t\t\t\t<div class=\"elementor-column elementor-col-50 elementor-top-column elementor-element elementor-element-5f0f6876\" data-id=\"5f0f6876\" data-element_type=\"column\" data-e-type=\"column\">\n\t\t\t<div class=\"elementor-widget-wrap elementor-element-populated\">\n\t\t\t\t\t\t<section class=\"elementor-section elementor-inner-section elementor-element elementor-element-6c3111cd elementor-section-boxed elementor-section-height-default elementor-section-height-default\" data-id=\"6c3111cd\" data-element_type=\"section\" data-e-type=\"section\">\n\t\t\t\t\t\t<div class=\"elementor-container elementor-column-gap-no\">\n\t\t\t\t\t<div class=\"elementor-column elementor-col-50 elementor-inner-column elementor-element elementor-element-de4101 elementor-hidden-mobile\" data-id=\"de4101\" data-element_type=\"column\" data-e-type=\"column\">\n\t\t\t<div class=\"elementor-widget-wrap elementor-element-populated\">\n\t\t\t\t\t\t<div class=\"elementor-element elementor-element-5c708632 elementor-widget elementor-widget-image\" data-id=\"5c708632\" data-element_type=\"widget\" data-e-type=\"widget\" data-widget_type=\"image.default\">\n\t\t\t\t\t\t\t\t\t\t\t\t\t\t\t<img loading=\"lazy\" decoding=\"async\" width=\"315\" height=\"266\" src=\"https:\/\/leticiahidalgo.com\/wp-content\/uploads\/2026\/02\/minimalism-windows-geometric-design-geometric-a-2022-11-16-10-04-37-utc.jpg\" class=\"attachment-full size-full wp-image-62\" alt=\"\" srcset=\"https:\/\/leticiahidalgo.com\/wp-content\/uploads\/2026\/02\/minimalism-windows-geometric-design-geometric-a-2022-11-16-10-04-37-utc.jpg 315w, https:\/\/leticiahidalgo.com\/wp-content\/uploads\/2026\/02\/minimalism-windows-geometric-design-geometric-a-2022-11-16-10-04-37-utc-300x253.jpg 300w\" sizes=\"(max-width: 315px) 100vw, 315px\" \/>\t\t\t\t\t\t\t\t\t\t\t\t\t\t\t<\/div>\n\t\t\t\t\t<\/div>\n\t\t<\/div>\n\t\t\t\t<div class=\"elementor-column elementor-col-50 elementor-inner-column elementor-element elementor-element-1420427d\" data-id=\"1420427d\" data-element_type=\"column\" data-e-type=\"column\">\n\t\t\t<div class=\"elementor-widget-wrap elementor-element-populated\">\n\t\t\t\t\t\t<div class=\"elementor-element elementor-element-6684cbf8 elementor-widget elementor-widget-image\" data-id=\"6684cbf8\" data-element_type=\"widget\" data-e-type=\"widget\" data-widget_type=\"image.default\">\n\t\t\t\t\t\t\t\t\t\t\t\t\t\t\t<img loading=\"lazy\" decoding=\"async\" width=\"441\" height=\"266\" src=\"https:\/\/leticiahidalgo.com\/wp-content\/uploads\/2026\/02\/kitchen-and-dining-zone-in-modern-apartment-2022-08-14-08-16-35-utc.jpg\" class=\"attachment-full size-full wp-image-63\" alt=\"\" srcset=\"https:\/\/leticiahidalgo.com\/wp-content\/uploads\/2026\/02\/kitchen-and-dining-zone-in-modern-apartment-2022-08-14-08-16-35-utc.jpg 441w, https:\/\/leticiahidalgo.com\/wp-content\/uploads\/2026\/02\/kitchen-and-dining-zone-in-modern-apartment-2022-08-14-08-16-35-utc-300x181.jpg 300w\" sizes=\"(max-width: 441px) 100vw, 441px\" \/>\t\t\t\t\t\t\t\t\t\t\t\t\t\t\t<\/div>\n\t\t\t\t\t<\/div>\n\t\t<\/div>\n\t\t\t\t\t<\/div>\n\t\t<\/section>\n\t\t\t\t<section class=\"elementor-section elementor-inner-section elementor-element elementor-element-1c0fdaaf elementor-section-boxed elementor-section-height-default elementor-section-height-default\" data-id=\"1c0fdaaf\" data-element_type=\"section\" data-e-type=\"section\">\n\t\t\t\t\t\t<div class=\"elementor-container elementor-column-gap-no\">\n\t\t\t\t\t<div class=\"elementor-column elementor-col-50 elementor-inner-column elementor-element elementor-element-25e1be60\" data-id=\"25e1be60\" data-element_type=\"column\" data-e-type=\"column\">\n\t\t\t<div class=\"elementor-widget-wrap elementor-element-populated\">\n\t\t\t\t\t\t<div class=\"elementor-element elementor-element-5036ccc8 elementor-widget elementor-widget-image\" data-id=\"5036ccc8\" data-element_type=\"widget\" data-e-type=\"widget\" data-widget_type=\"image.default\">\n\t\t\t\t\t\t\t\t\t\t\t\t\t\t\t<img loading=\"lazy\" decoding=\"async\" width=\"512\" height=\"266\" src=\"https:\/\/leticiahidalgo.com\/wp-content\/uploads\/2026\/02\/geometric-pattern-bright-architecture-design-ar-2022-11-02-21-54-17-utc.jpg\" class=\"attachment-full size-full wp-image-64\" alt=\"\" srcset=\"https:\/\/leticiahidalgo.com\/wp-content\/uploads\/2026\/02\/geometric-pattern-bright-architecture-design-ar-2022-11-02-21-54-17-utc.jpg 512w, https:\/\/leticiahidalgo.com\/wp-content\/uploads\/2026\/02\/geometric-pattern-bright-architecture-design-ar-2022-11-02-21-54-17-utc-300x156.jpg 300w\" sizes=\"(max-width: 512px) 100vw, 512px\" \/>\t\t\t\t\t\t\t\t\t\t\t\t\t\t\t<\/div>\n\t\t\t\t\t<\/div>\n\t\t<\/div>\n\t\t\t\t<div class=\"elementor-column elementor-col-50 elementor-inner-column elementor-element elementor-element-1c30f86f elementor-hidden-mobile\" data-id=\"1c30f86f\" data-element_type=\"column\" data-e-type=\"column\">\n\t\t\t<div class=\"elementor-widget-wrap elementor-element-populated\">\n\t\t\t\t\t\t<div class=\"elementor-element elementor-element-6a3268ff elementor-widget elementor-widget-image\" data-id=\"6a3268ff\" data-element_type=\"widget\" data-e-type=\"widget\" data-widget_type=\"image.default\">\n\t\t\t\t\t\t\t\t\t\t\t\t\t\t\t<img loading=\"lazy\" decoding=\"async\" width=\"244\" height=\"266\" src=\"https:\/\/leticiahidalgo.com\/wp-content\/uploads\/2026\/02\/modern-office-or-residential-building-background-2022-12-16-15-04-20-utc.jpg\" class=\"attachment-full size-full wp-image-65\" alt=\"\" \/>\t\t\t\t\t\t\t\t\t\t\t\t\t\t\t<\/div>\n\t\t\t\t\t<\/div>\n\t\t<\/div>\n\t\t\t\t\t<\/div>\n\t\t<\/section>\n\t\t\t\t\t<\/div>\n\t\t<\/div>\n\t\t\t\t<div class=\"elementor-column elementor-col-50 elementor-top-column elementor-element elementor-element-18535e41\" data-id=\"18535e41\" data-element_type=\"column\" data-e-type=\"column\">\n\t\t\t<div class=\"elementor-widget-wrap elementor-element-populated\">\n\t\t\t\t\t\t<section class=\"elementor-section elementor-inner-section elementor-element elementor-element-62f48a1f elementor-section-boxed elementor-section-height-default elementor-section-height-default\" data-id=\"62f48a1f\" data-element_type=\"section\" data-e-type=\"section\">\n\t\t\t\t\t\t<div class=\"elementor-container elementor-column-gap-no\">\n\t\t\t\t\t<div class=\"elementor-column elementor-col-100 elementor-inner-column elementor-element elementor-element-9de9449\" data-id=\"9de9449\" data-element_type=\"column\" data-e-type=\"column\">\n\t\t\t<div class=\"elementor-widget-wrap elementor-element-populated\">\n\t\t\t\t\t\t<div class=\"elementor-element elementor-element-4f4425d0 elementor-widget elementor-widget-image\" data-id=\"4f4425d0\" data-element_type=\"widget\" data-e-type=\"widget\" data-widget_type=\"image.default\">\n\t\t\t\t\t\t\t\t\t\t\t\t\t\t\t<img loading=\"lazy\" decoding=\"async\" width=\"344\" height=\"552\" src=\"https:\/\/leticiahidalgo.com\/wp-content\/uploads\/2026\/02\/the-beautiful-and-intricate-geometry-of-the-inside-2022-11-15-09-04-31-utc.jpg\" class=\"attachment-full size-full wp-image-66\" alt=\"\" srcset=\"https:\/\/leticiahidalgo.com\/wp-content\/uploads\/2026\/02\/the-beautiful-and-intricate-geometry-of-the-inside-2022-11-15-09-04-31-utc.jpg 344w, https:\/\/leticiahidalgo.com\/wp-content\/uploads\/2026\/02\/the-beautiful-and-intricate-geometry-of-the-inside-2022-11-15-09-04-31-utc-187x300.jpg 187w\" sizes=\"(max-width: 344px) 100vw, 344px\" \/>\t\t\t\t\t\t\t\t\t\t\t\t\t\t\t<\/div>\n\t\t\t\t\t<\/div>\n\t\t<\/div>\n\t\t\t\t\t<\/div>\n\t\t<\/section>\n\t\t\t\t\t<\/div>\n\t\t<\/div>\n\t\t\t\t\t<\/div>\n\t\t<\/section>\n\t\t\t\t<section class=\"elementor-section elementor-top-section elementor-element elementor-element-54e09ec9 elementor-section-boxed elementor-section-height-default elementor-section-height-default elementor-invisible\" data-id=\"54e09ec9\" data-element_type=\"section\" data-e-type=\"section\" data-settings=\"{&quot;animation&quot;:&quot;fadeIn&quot;}\">\n\t\t\t\t\t\t<div class=\"elementor-container elementor-column-gap-no\">\n\t\t\t\t\t<div class=\"elementor-column elementor-col-100 elementor-top-column elementor-element elementor-element-6057476f\" data-id=\"6057476f\" data-element_type=\"column\" data-e-type=\"column\">\n\t\t\t<div class=\"elementor-widget-wrap elementor-element-populated\">\n\t\t\t\t\t\t<div class=\"elementor-element elementor-element-2eee9b28 elementor-align--tabletcenter elementor-align-center elementor-widget elementor-widget-elementskit-button\" data-id=\"2eee9b28\" data-element_type=\"widget\" data-e-type=\"widget\" data-widget_type=\"elementskit-button.default\">\n\t\t\t\t\t<div class=\"ekit-wid-con\" >\t\t<div class=\"ekit-btn-wraper\">\n\t\t\t\t\t\t\t<a href=\"#\" class=\"elementskit-btn  whitespace--normal\" id=\"\">\n\t\t\t\t\tProyectos\t\t\t\t<\/a>\n\t\t\t\t\t<\/div>\n        <\/div>\t\t\t\t<\/div>\n\t\t\t\t\t<\/div>\n\t\t<\/div>\n\t\t\t\t\t<\/div>\n\t\t<\/section>\n\t\t\t\t<\/div>\n\t\t","protected":false},"excerpt":{"rendered":"<p>Inicio &#8211; Sobre m\u00ed Especializaci\u00f3n en obra p\u00fablica municipal Intervenci\u00f3n t\u00e9cnica en proyectos de obra p\u00fablica municipal, abarcando la redacci\u00f3n de proyectos y memorias valoradas, la direcci\u00f3n de obra y la coordinaci\u00f3n de seguridad y salud. Actuaciones orientadas a infraestructuras locales como pavimentaciones, espacios p\u00fablicos y servicios municipales, con atenci\u00f3n al cumplimiento normativo y a [&hellip;]<\/p>\n","protected":false},"author":1,"featured_media":0,"parent":0,"menu_order":0,"comment_status":"closed","ping_status":"closed","template":"elementor_header_footer","meta":{"footnotes":""},"class_list":["post-24","page","type-page","status-publish","hentry"],"_links":{"self":[{"href":"https:\/\/leticiahidalgo.com\/index.php?rest_route=\/wp\/v2\/pages\/24","targetHints":{"allow":["GET"]}}],"collection":[{"href":"https:\/\/leticiahidalgo.com\/index.php?rest_route=\/wp\/v2\/pages"}],"about":[{"href":"https:\/\/leticiahidalgo.com\/index.php?rest_route=\/wp\/v2\/types\/page"}],"author":[{"embeddable":true,"href":"https:\/\/leticiahidalgo.com\/index.php?rest_route=\/wp\/v2\/users\/1"}],"replies":[{"embeddable":true,"href":"https:\/\/leticiahidalgo.com\/index.php?rest_route=%2Fwp%2Fv2%2Fcomments&post=24"}],"version-history":[{"count":16,"href":"https:\/\/leticiahidalgo.com\/index.php?rest_route=\/wp\/v2\/pages\/24\/revisions"}],"predecessor-version":[{"id":261,"href":"https:\/\/leticiahidalgo.com\/index.php?rest_route=\/wp\/v2\/pages\/24\/revisions\/261"}],"wp:attachment":[{"href":"https:\/\/leticiahidalgo.com\/index.php?rest_route=%2Fwp%2Fv2%2Fmedia&parent=24"}],"curies":[{"name":"wp","href":"https:\/\/api.w.org\/{rel}","templated":true}]}}