{"id":22,"date":"2026-02-03T03:17:10","date_gmt":"2026-02-03T03:17:10","guid":{"rendered":"https:\/\/leticiahidalgo.com\/?page_id=22"},"modified":"2026-02-05T21:44:16","modified_gmt":"2026-02-05T21:44:16","slug":"servicios","status":"publish","type":"page","link":"https:\/\/leticiahidalgo.com\/?page_id=22","title":{"rendered":"Servicios"},"content":{"rendered":"\t\t<div data-elementor-type=\"wp-page\" data-elementor-id=\"22\" class=\"elementor elementor-22\" data-elementor-post-type=\"page\">\n\t\t\t\t\t\t<section class=\"elementor-section elementor-top-section elementor-element elementor-element-1b00d0d5 elementor-section-boxed elementor-section-height-default elementor-section-height-default elementor-invisible\" data-id=\"1b00d0d5\" data-element_type=\"section\" data-e-type=\"section\" data-settings=\"{&quot;background_background&quot;:&quot;classic&quot;,&quot;animation&quot;:&quot;fadeIn&quot;}\">\n\t\t\t\t\t\t<div class=\"elementor-container elementor-column-gap-no\">\n\t\t\t\t\t<div class=\"elementor-column elementor-col-100 elementor-top-column elementor-element elementor-element-74b5cf62\" data-id=\"74b5cf62\" data-element_type=\"column\" data-e-type=\"column\">\n\t\t\t<div class=\"elementor-widget-wrap elementor-element-populated\">\n\t\t\t\t\t\t<div class=\"elementor-element elementor-element-4fc3502 elementor-widget elementor-widget-elementskit-heading\" data-id=\"4fc3502\" data-element_type=\"widget\" data-e-type=\"widget\" data-widget_type=\"elementskit-heading.default\">\n\t\t\t\t\t<div class=\"ekit-wid-con\" ><div class=\"ekit-heading elementskit-section-title-wraper text_center   ekit_heading_tablet-   ekit_heading_mobile-\"><h1 class=\"ekit-heading--title elementskit-section-title \">Servicios<\/h1><p class=\"ekit-heading--subtitle elementskit-section-subtitle  \">\n\t\t\t\t\t\tInicio - Servicios \n\t\t\t\t\t<\/p><\/div><\/div>\t\t\t\t<\/div>\n\t\t\t\t\t<\/div>\n\t\t<\/div>\n\t\t\t\t\t<\/div>\n\t\t<\/section>\n\t\t\t\t<section class=\"elementor-section elementor-top-section elementor-element elementor-element-7153836b elementor-section-boxed elementor-section-height-default elementor-section-height-default elementor-invisible\" data-id=\"7153836b\" data-element_type=\"section\" data-e-type=\"section\" data-settings=\"{&quot;animation&quot;:&quot;fadeIn&quot;}\">\n\t\t\t\t\t\t<div class=\"elementor-container elementor-column-gap-no\">\n\t\t\t\t\t<div class=\"elementor-column elementor-col-33 elementor-top-column elementor-element elementor-element-78d2cedb\" data-id=\"78d2cedb\" data-element_type=\"column\" data-e-type=\"column\">\n\t\t\t<div class=\"elementor-widget-wrap elementor-element-populated\">\n\t\t\t\t\t\t<div class=\"elementor-element elementor-element-3afdaf60 ekit-equal-height-disable elementor-widget elementor-widget-elementskit-icon-box\" data-id=\"3afdaf60\" data-element_type=\"widget\" data-e-type=\"widget\" data-widget_type=\"elementskit-icon-box.default\">\n\t\t\t\t\t<div class=\"ekit-wid-con\" >        <!-- link opening -->\n                <!-- end link opening -->\n\n        <div class=\"elementskit-infobox text-center text- icon-top-align elementor-animation-   \">\n                            <div class=\"elementskit-box-header\">\n                <div class=\"elementskit-info-box-icon \">\n                    <img fetchpriority=\"high\" decoding=\"async\" width=\"354\" height=\"211\" src=\"https:\/\/leticiahidalgo.com\/wp-content\/uploads\/2026\/02\/pavement-leading-to-house-2021-08-26-15-44-35-utc.jpg\" class=\"attachment- size-\" alt=\"\" srcset=\"https:\/\/leticiahidalgo.com\/wp-content\/uploads\/2026\/02\/pavement-leading-to-house-2021-08-26-15-44-35-utc.jpg 354w, https:\/\/leticiahidalgo.com\/wp-content\/uploads\/2026\/02\/pavement-leading-to-house-2021-08-26-15-44-35-utc-300x179.jpg 300w\" sizes=\"(max-width: 354px) 100vw, 354px\" \/>                <\/div>\n          <\/div>\n                <div class=\"box-body\">\n                            <h3 class=\"elementskit-info-box-title\">\n                    PROYECTOS Y MEMORIAS VALORADAS                <\/h3>\n                        \t\t  \t<p>Redacci\u00f3n de proyectos t\u00e9cnicos y memorias valoradas para actuaciones de obra p\u00fablica municipal, adaptadas a las necesidades y presupuestos de los Ayuntamientos.<\/p>\n                                        <div class=\"box-footer disable_hover_button\">\n                    <div class=\"btn-wraper\">\n                                                            <a class=\"elementskit-btn whitespace--normal\" href=\"https:\/\/leticiahidalgo.com\/?page_id=26\" title=\"ir a la p\u00e1gina de contacto\">\n                                                                                CONTACTO                                    <\/a>\n                                                        <\/div>\n                <\/div>\n                    <\/div>\n        \n        \n                <\/div>\n        <\/div>\t\t\t\t<\/div>\n\t\t\t\t\t<\/div>\n\t\t<\/div>\n\t\t\t\t<div class=\"elementor-column elementor-col-33 elementor-top-column elementor-element elementor-element-2798dcd\" data-id=\"2798dcd\" data-element_type=\"column\" data-e-type=\"column\">\n\t\t\t<div class=\"elementor-widget-wrap elementor-element-populated\">\n\t\t\t\t\t\t<div class=\"elementor-element elementor-element-2fea1f3e ekit-equal-height-disable elementor-widget elementor-widget-elementskit-icon-box\" data-id=\"2fea1f3e\" data-element_type=\"widget\" data-e-type=\"widget\" data-widget_type=\"elementskit-icon-box.default\">\n\t\t\t\t\t<div class=\"ekit-wid-con\" >        <!-- link opening -->\n                <!-- end link opening -->\n\n        <div class=\"elementskit-infobox text-center text- icon-top-align elementor-animation-   \">\n                            <div class=\"elementskit-box-header\">\n                <div class=\"elementskit-info-box-icon \">\n                    <img decoding=\"async\" width=\"354\" height=\"211\" src=\"https:\/\/leticiahidalgo.com\/wp-content\/uploads\/2026\/02\/luxury-interior-design-2021-10-21-02-44-19-utc.jpg\" class=\"attachment- size-\" alt=\"\" srcset=\"https:\/\/leticiahidalgo.com\/wp-content\/uploads\/2026\/02\/luxury-interior-design-2021-10-21-02-44-19-utc.jpg 354w, https:\/\/leticiahidalgo.com\/wp-content\/uploads\/2026\/02\/luxury-interior-design-2021-10-21-02-44-19-utc-300x179.jpg 300w\" sizes=\"(max-width: 354px) 100vw, 354px\" \/>                <\/div>\n          <\/div>\n                <div class=\"box-body\">\n                            <h3 class=\"elementskit-info-box-title\">\n                    DIRECCI\u00d3N DE OBRA                <\/h3>\n                        \t\t  \t<p>Direcci\u00f3n y seguimiento t\u00e9cnico de obras municipales, garantizando la correcta ejecuci\u00f3n conforme al proyecto aprobado y a la normativa vigente.<\/p>\n                                        <div class=\"box-footer disable_hover_button\">\n                    <div class=\"btn-wraper\">\n                                                            <a class=\"elementskit-btn whitespace--normal\" href=\"https:\/\/leticiahidalgo.com\/?page_id=26\" title=\"ir a la p\u00e1gina de contacto\">\n                                                                                CONTACTO                                    <\/a>\n                                                        <\/div>\n                <\/div>\n                    <\/div>\n        \n        \n                <\/div>\n        <\/div>\t\t\t\t<\/div>\n\t\t\t\t\t<\/div>\n\t\t<\/div>\n\t\t\t\t<div class=\"elementor-column elementor-col-33 elementor-top-column elementor-element elementor-element-18bcad85\" data-id=\"18bcad85\" data-element_type=\"column\" data-e-type=\"column\">\n\t\t\t<div class=\"elementor-widget-wrap elementor-element-populated\">\n\t\t\t\t\t\t<div class=\"elementor-element elementor-element-70fd6469 ekit-equal-height-disable elementor-widget elementor-widget-elementskit-icon-box\" data-id=\"70fd6469\" data-element_type=\"widget\" data-e-type=\"widget\" data-widget_type=\"elementskit-icon-box.default\">\n\t\t\t\t\t<div class=\"ekit-wid-con\" >        <!-- link opening -->\n                <!-- end link opening -->\n\n        <div class=\"elementskit-infobox text-center text- icon-top-align elementor-animation-   \">\n                            <div class=\"elementskit-box-header\">\n                <div class=\"elementskit-info-box-icon \">\n                    <img decoding=\"async\" width=\"354\" height=\"211\" src=\"https:\/\/leticiahidalgo.com\/wp-content\/uploads\/2026\/02\/modern-house-design-2021-10-21-02-44-55-utc.jpg\" class=\"attachment- size-\" alt=\"\" srcset=\"https:\/\/leticiahidalgo.com\/wp-content\/uploads\/2026\/02\/modern-house-design-2021-10-21-02-44-55-utc.jpg 354w, https:\/\/leticiahidalgo.com\/wp-content\/uploads\/2026\/02\/modern-house-design-2021-10-21-02-44-55-utc-300x179.jpg 300w\" sizes=\"(max-width: 354px) 100vw, 354px\" \/>                <\/div>\n          <\/div>\n                <div class=\"box-body\">\n                            <h3 class=\"elementskit-info-box-title\">\n                    COORDINACI\u00d3N DE SEGURIDAD Y SALUD                <\/h3>\n                        \t\t  \t<p>Coordinaci\u00f3n de seguridad y salud durante la ejecuci\u00f3n de obras p\u00fablicas, velando por el cumplimiento de la normativa y la correcta prevenci\u00f3n de riesgos laborales.<\/p>\n                                        <div class=\"box-footer disable_hover_button\">\n                    <div class=\"btn-wraper\">\n                                                            <a class=\"elementskit-btn whitespace--normal\" href=\"https:\/\/leticiahidalgo.com\/?page_id=26\" title=\"ir a la p\u00e1gina de contacto\">\n                                                                                CONTACTO                                    <\/a>\n                                                        <\/div>\n                <\/div>\n                    <\/div>\n        \n        \n                <\/div>\n        <\/div>\t\t\t\t<\/div>\n\t\t\t\t\t<\/div>\n\t\t<\/div>\n\t\t\t\t\t<\/div>\n\t\t<\/section>\n\t\t\t\t<section class=\"elementor-section elementor-top-section elementor-element elementor-element-44df65f5 elementor-section-full_width elementor-section-height-default elementor-section-height-default elementor-invisible\" data-id=\"44df65f5\" data-element_type=\"section\" data-e-type=\"section\" data-settings=\"{&quot;animation&quot;:&quot;fadeIn&quot;}\">\n\t\t\t\t\t\t<div class=\"elementor-container elementor-column-gap-no\">\n\t\t\t\t\t<div class=\"elementor-column elementor-col-100 elementor-top-column elementor-element elementor-element-73e466c3\" data-id=\"73e466c3\" data-element_type=\"column\" data-e-type=\"column\">\n\t\t\t<div class=\"elementor-widget-wrap elementor-element-populated\">\n\t\t\t\t\t\t<div class=\"elementor-element elementor-element-35a014f8 gallery-spacing-custom elementor-widget elementor-widget-image-gallery\" data-id=\"35a014f8\" data-element_type=\"widget\" data-e-type=\"widget\" data-widget_type=\"image-gallery.default\">\n\t\t\t\t\t\t\t<div class=\"elementor-image-gallery\">\n\t\t\t<div id='gallery-1' class='gallery galleryid-22 gallery-columns-4 gallery-size-full'><figure class='gallery-item'>\n\t\t\t<div class='gallery-icon portrait'>\n\t\t\t\t<a data-elementor-open-lightbox=\"yes\" data-elementor-lightbox-slideshow=\"35a014f8\" data-elementor-lightbox-title=\"valencia-city-of-arts-and-sciences-detail-2022-04-19-01-38-18-utc.jpg\" data-e-action-hash=\"#elementor-action%3Aaction%3Dlightbox%26settings%3DeyJpZCI6NTgsInVybCI6Imh0dHBzOlwvXC9sZXRpY2lhaGlkYWxnby5jb21cL3dwLWNvbnRlbnRcL3VwbG9hZHNcLzIwMjZcLzAyXC92YWxlbmNpYS1jaXR5LW9mLWFydHMtYW5kLXNjaWVuY2VzLWRldGFpbC0yMDIyLTA0LTE5LTAxLTM4LTE4LXV0Yy5qcGciLCJzbGlkZXNob3ciOiIzNWEwMTRmOCJ9\" href='https:\/\/leticiahidalgo.com\/wp-content\/uploads\/2026\/02\/valencia-city-of-arts-and-sciences-detail-2022-04-19-01-38-18-utc.jpg'><img loading=\"lazy\" decoding=\"async\" width=\"480\" height=\"583\" src=\"https:\/\/leticiahidalgo.com\/wp-content\/uploads\/2026\/02\/valencia-city-of-arts-and-sciences-detail-2022-04-19-01-38-18-utc.jpg\" class=\"attachment-full size-full\" alt=\"\" srcset=\"https:\/\/leticiahidalgo.com\/wp-content\/uploads\/2026\/02\/valencia-city-of-arts-and-sciences-detail-2022-04-19-01-38-18-utc.jpg 480w, https:\/\/leticiahidalgo.com\/wp-content\/uploads\/2026\/02\/valencia-city-of-arts-and-sciences-detail-2022-04-19-01-38-18-utc-247x300.jpg 247w\" sizes=\"(max-width: 480px) 100vw, 480px\" \/><\/a>\n\t\t\t<\/div><\/figure><figure class='gallery-item'>\n\t\t\t<div class='gallery-icon portrait'>\n\t\t\t\t<a data-elementor-open-lightbox=\"yes\" data-elementor-lightbox-slideshow=\"35a014f8\" data-elementor-lightbox-title=\"modern-white-kitchen-2022-09-02-04-20-10-utc.jpg\" data-e-action-hash=\"#elementor-action%3Aaction%3Dlightbox%26settings%3DeyJpZCI6NTksInVybCI6Imh0dHBzOlwvXC9sZXRpY2lhaGlkYWxnby5jb21cL3dwLWNvbnRlbnRcL3VwbG9hZHNcLzIwMjZcLzAyXC9tb2Rlcm4td2hpdGUta2l0Y2hlbi0yMDIyLTA5LTAyLTA0LTIwLTEwLXV0Yy5qcGciLCJzbGlkZXNob3ciOiIzNWEwMTRmOCJ9\" href='https:\/\/leticiahidalgo.com\/wp-content\/uploads\/2026\/02\/modern-white-kitchen-2022-09-02-04-20-10-utc.jpg'><img loading=\"lazy\" decoding=\"async\" width=\"480\" height=\"583\" src=\"https:\/\/leticiahidalgo.com\/wp-content\/uploads\/2026\/02\/modern-white-kitchen-2022-09-02-04-20-10-utc.jpg\" class=\"attachment-full size-full\" alt=\"\" srcset=\"https:\/\/leticiahidalgo.com\/wp-content\/uploads\/2026\/02\/modern-white-kitchen-2022-09-02-04-20-10-utc.jpg 480w, https:\/\/leticiahidalgo.com\/wp-content\/uploads\/2026\/02\/modern-white-kitchen-2022-09-02-04-20-10-utc-247x300.jpg 247w\" sizes=\"(max-width: 480px) 100vw, 480px\" \/><\/a>\n\t\t\t<\/div><\/figure><figure class='gallery-item'>\n\t\t\t<div class='gallery-icon portrait'>\n\t\t\t\t<a data-elementor-open-lightbox=\"yes\" data-elementor-lightbox-slideshow=\"35a014f8\" data-elementor-lightbox-title=\"stylish-dining-room-interior-2022-12-07-04-25-47-utc.jpg\" data-e-action-hash=\"#elementor-action%3Aaction%3Dlightbox%26settings%3DeyJpZCI6NjAsInVybCI6Imh0dHBzOlwvXC9sZXRpY2lhaGlkYWxnby5jb21cL3dwLWNvbnRlbnRcL3VwbG9hZHNcLzIwMjZcLzAyXC9zdHlsaXNoLWRpbmluZy1yb29tLWludGVyaW9yLTIwMjItMTItMDctMDQtMjUtNDctdXRjLmpwZyIsInNsaWRlc2hvdyI6IjM1YTAxNGY4In0%3D\" href='https:\/\/leticiahidalgo.com\/wp-content\/uploads\/2026\/02\/stylish-dining-room-interior-2022-12-07-04-25-47-utc.jpg'><img loading=\"lazy\" decoding=\"async\" width=\"480\" height=\"583\" src=\"https:\/\/leticiahidalgo.com\/wp-content\/uploads\/2026\/02\/stylish-dining-room-interior-2022-12-07-04-25-47-utc.jpg\" class=\"attachment-full size-full\" alt=\"\" srcset=\"https:\/\/leticiahidalgo.com\/wp-content\/uploads\/2026\/02\/stylish-dining-room-interior-2022-12-07-04-25-47-utc.jpg 480w, https:\/\/leticiahidalgo.com\/wp-content\/uploads\/2026\/02\/stylish-dining-room-interior-2022-12-07-04-25-47-utc-247x300.jpg 247w\" sizes=\"(max-width: 480px) 100vw, 480px\" \/><\/a>\n\t\t\t<\/div><\/figure><figure class='gallery-item'>\n\t\t\t<div class='gallery-icon portrait'>\n\t\t\t\t<a data-elementor-open-lightbox=\"yes\" data-elementor-lightbox-slideshow=\"35a014f8\" data-elementor-lightbox-title=\"a-conical-structure-houses-an-elevator-surrounded-2022-11-16-00-23-57-utc.jpg\" data-e-action-hash=\"#elementor-action%3Aaction%3Dlightbox%26settings%3DeyJpZCI6NjEsInVybCI6Imh0dHBzOlwvXC9sZXRpY2lhaGlkYWxnby5jb21cL3dwLWNvbnRlbnRcL3VwbG9hZHNcLzIwMjZcLzAyXC9hLWNvbmljYWwtc3RydWN0dXJlLWhvdXNlcy1hbi1lbGV2YXRvci1zdXJyb3VuZGVkLTIwMjItMTEtMTYtMDAtMjMtNTctdXRjLmpwZyIsInNsaWRlc2hvdyI6IjM1YTAxNGY4In0%3D\" href='https:\/\/leticiahidalgo.com\/wp-content\/uploads\/2026\/02\/a-conical-structure-houses-an-elevator-surrounded-2022-11-16-00-23-57-utc.jpg'><img loading=\"lazy\" decoding=\"async\" width=\"480\" height=\"583\" src=\"https:\/\/leticiahidalgo.com\/wp-content\/uploads\/2026\/02\/a-conical-structure-houses-an-elevator-surrounded-2022-11-16-00-23-57-utc.jpg\" class=\"attachment-full size-full\" alt=\"\" srcset=\"https:\/\/leticiahidalgo.com\/wp-content\/uploads\/2026\/02\/a-conical-structure-houses-an-elevator-surrounded-2022-11-16-00-23-57-utc.jpg 480w, https:\/\/leticiahidalgo.com\/wp-content\/uploads\/2026\/02\/a-conical-structure-houses-an-elevator-surrounded-2022-11-16-00-23-57-utc-247x300.jpg 247w\" sizes=\"(max-width: 480px) 100vw, 480px\" \/><\/a>\n\t\t\t<\/div><\/figure>\n\t\t<\/div>\n\t\t<\/div>\n\t\t\t\t\t\t<\/div>\n\t\t\t\t\t<\/div>\n\t\t<\/div>\n\t\t\t\t\t<\/div>\n\t\t<\/section>\n\t\t\t\t<section class=\"elementor-section elementor-top-section elementor-element elementor-element-3a0eb3e4 elementor-section-boxed elementor-section-height-default elementor-section-height-default elementor-invisible\" data-id=\"3a0eb3e4\" data-element_type=\"section\" data-e-type=\"section\" data-settings=\"{&quot;animation&quot;:&quot;fadeIn&quot;}\">\n\t\t\t\t\t\t<div class=\"elementor-container elementor-column-gap-no\">\n\t\t\t\t\t<div class=\"elementor-column elementor-col-33 elementor-top-column elementor-element elementor-element-55ee5a4f\" data-id=\"55ee5a4f\" data-element_type=\"column\" data-e-type=\"column\">\n\t\t\t<div class=\"elementor-widget-wrap elementor-element-populated\">\n\t\t\t\t\t\t<div class=\"elementor-element elementor-element-76a4105 elementor-widget elementor-widget-image\" data-id=\"76a4105\" data-element_type=\"widget\" data-e-type=\"widget\" data-widget_type=\"image.default\">\n\t\t\t\t\t\t\t\t\t\t\t\t\t\t\t<img loading=\"lazy\" decoding=\"async\" width=\"321\" height=\"383\" src=\"https:\/\/leticiahidalgo.com\/wp-content\/uploads\/2026\/02\/cozy-armchair-in-minimalist-bedroom-interior-desig-2022-07-01-13-18-15-utc.jpg\" class=\"attachment-full size-full wp-image-54\" alt=\"\" srcset=\"https:\/\/leticiahidalgo.com\/wp-content\/uploads\/2026\/02\/cozy-armchair-in-minimalist-bedroom-interior-desig-2022-07-01-13-18-15-utc.jpg 321w, https:\/\/leticiahidalgo.com\/wp-content\/uploads\/2026\/02\/cozy-armchair-in-minimalist-bedroom-interior-desig-2022-07-01-13-18-15-utc-251x300.jpg 251w\" sizes=\"(max-width: 321px) 100vw, 321px\" \/>\t\t\t\t\t\t\t\t\t\t\t\t\t\t\t<\/div>\n\t\t\t\t\t<\/div>\n\t\t<\/div>\n\t\t\t\t<div class=\"elementor-column elementor-col-33 elementor-top-column elementor-element elementor-element-e07aae\" data-id=\"e07aae\" data-element_type=\"column\" data-e-type=\"column\">\n\t\t\t<div class=\"elementor-widget-wrap elementor-element-populated\">\n\t\t\t\t\t\t<div class=\"elementor-element elementor-element-399c05e1 elementor-widget elementor-widget-image\" data-id=\"399c05e1\" data-element_type=\"widget\" data-e-type=\"widget\" data-widget_type=\"image.default\">\n\t\t\t\t\t\t\t\t\t\t\t\t\t\t\t<img loading=\"lazy\" decoding=\"async\" width=\"321\" height=\"383\" src=\"https:\/\/leticiahidalgo.com\/wp-content\/uploads\/2026\/02\/modern-office-building-glass-facade-2022-12-15-21-45-02-utc.jpg\" class=\"attachment-full size-full wp-image-55\" alt=\"\" srcset=\"https:\/\/leticiahidalgo.com\/wp-content\/uploads\/2026\/02\/modern-office-building-glass-facade-2022-12-15-21-45-02-utc.jpg 321w, https:\/\/leticiahidalgo.com\/wp-content\/uploads\/2026\/02\/modern-office-building-glass-facade-2022-12-15-21-45-02-utc-251x300.jpg 251w\" sizes=\"(max-width: 321px) 100vw, 321px\" \/>\t\t\t\t\t\t\t\t\t\t\t\t\t\t\t<\/div>\n\t\t\t\t\t<\/div>\n\t\t<\/div>\n\t\t\t\t<div class=\"elementor-column elementor-col-33 elementor-top-column elementor-element elementor-element-7f972b54\" data-id=\"7f972b54\" data-element_type=\"column\" data-e-type=\"column\">\n\t\t\t<div class=\"elementor-widget-wrap elementor-element-populated\">\n\t\t\t\t\t\t<div class=\"elementor-element elementor-element-4780582b elementor-widget elementor-widget-elementskit-heading\" data-id=\"4780582b\" data-element_type=\"widget\" data-e-type=\"widget\" data-widget_type=\"elementskit-heading.default\">\n\t\t\t\t\t<div class=\"ekit-wid-con\" ><div class=\"ekit-heading elementskit-section-title-wraper text_right   ekit_heading_tablet-text_left   ekit_heading_mobile-\"><h2 class=\"ekit-heading--title elementskit-section-title \">Especializaci\u00f3n en obra p\u00fablica municipal<\/h2><div class=\"ekit_heading_separetor_wraper ekit_heading_elementskit-border-divider elementskit-style-long\"><div class=\"elementskit-border-divider elementskit-style-long\"><\/div><\/div><\/div><\/div>\t\t\t\t<\/div>\n\t\t\t\t<div class=\"elementor-element elementor-element-5cb7e776 elementor-widget__width-initial elementor-widget elementor-widget-text-editor\" data-id=\"5cb7e776\" data-element_type=\"widget\" data-e-type=\"widget\" data-widget_type=\"text-editor.default\">\n\t\t\t\t\t\t\t\t\t<p>Intervenci\u00f3n t\u00e9cnica en proyectos de obra p\u00fablica municipal, abarcando la redacci\u00f3n de proyectos y memorias valoradas, la direcci\u00f3n de obra y la coordinaci\u00f3n de seguridad y salud. Actuaciones orientadas a infraestructuras locales como pavimentaciones, espacios p\u00fablicos y servicios municipales, con atenci\u00f3n al cumplimiento normativo y a la correcta ejecuci\u00f3n t\u00e9cnica.<\/p>\t\t\t\t\t\t\t\t<\/div>\n\t\t\t\t\t<\/div>\n\t\t<\/div>\n\t\t\t\t\t<\/div>\n\t\t<\/section>\n\t\t\t\t<section class=\"elementor-section elementor-top-section elementor-element elementor-element-7d6407ae elementor-section-boxed elementor-section-height-default elementor-section-height-default elementor-invisible\" data-id=\"7d6407ae\" data-element_type=\"section\" data-e-type=\"section\" data-settings=\"{&quot;animation&quot;:&quot;fadeIn&quot;}\">\n\t\t\t\t\t\t<div class=\"elementor-container elementor-column-gap-no\">\n\t\t\t\t\t<div class=\"elementor-column elementor-col-50 elementor-top-column elementor-element elementor-element-3d536c1d\" data-id=\"3d536c1d\" data-element_type=\"column\" data-e-type=\"column\">\n\t\t\t<div class=\"elementor-widget-wrap elementor-element-populated\">\n\t\t\t\t\t\t<div class=\"elementor-element elementor-element-1304f19e elementor-widget elementor-widget-text-editor\" data-id=\"1304f19e\" data-element_type=\"widget\" data-e-type=\"widget\" data-widget_type=\"text-editor.default\">\n\t\t\t\t\t\t\t\t\t<p>Arquitecta t\u00e9cnica especializada en obra p\u00fablica municipal en la provincia de Burgos. Desarrollo de trabajos t\u00e9cnicos vinculados a proyectos, memorias valoradas, direcci\u00f3n de obra y coordinaci\u00f3n de seguridad y salud, adaptados a la normativa y a la gesti\u00f3n administrativa municipal.<\/p>\t\t\t\t\t\t\t\t<\/div>\n\t\t\t\t<div class=\"elementor-element elementor-element-51f8976b elementor-widget elementor-widget-elementskit-heading\" data-id=\"51f8976b\" data-element_type=\"widget\" data-e-type=\"widget\" data-widget_type=\"elementskit-heading.default\">\n\t\t\t\t\t<div class=\"ekit-wid-con\" ><div class=\"ekit-heading elementskit-section-title-wraper text_left   ekit_heading_tablet-   ekit_heading_mobile-\"><p class=\"ekit-heading--title elementskit-section-title \">Leticia Hidalgo Monedero<\/p><p class=\"ekit-heading--subtitle elementskit-section-subtitle  \">\n\t\t\t\t\t\tArquitecta T\u00e9cnica \u00b7 Direcci\u00f3n de Obra\n\t\t\t\t\t<\/p><\/div><\/div>\t\t\t\t<\/div>\n\t\t\t\t\t<\/div>\n\t\t<\/div>\n\t\t\t\t<div class=\"elementor-column elementor-col-50 elementor-top-column elementor-element elementor-element-1fc5de16\" data-id=\"1fc5de16\" data-element_type=\"column\" data-e-type=\"column\">\n\t\t\t<div class=\"elementor-widget-wrap elementor-element-populated\">\n\t\t\t\t\t\t<div class=\"elementor-element elementor-element-3cd96508 elementor-absolute elementor-hidden-tablet elementor-hidden-mobile elementor-widget elementor-widget-image\" data-id=\"3cd96508\" data-element_type=\"widget\" data-e-type=\"widget\" data-settings=\"{&quot;_position&quot;:&quot;absolute&quot;}\" data-widget_type=\"image.default\">\n\t\t\t\t\t\t\t\t\t\t\t\t\t\t\t<img loading=\"lazy\" decoding=\"async\" width=\"476\" height=\"568\" src=\"https:\/\/leticiahidalgo.com\/wp-content\/uploads\/2026\/02\/Logo.webp\" class=\"attachment-large size-large wp-image-115\" alt=\"\" srcset=\"https:\/\/leticiahidalgo.com\/wp-content\/uploads\/2026\/02\/Logo.webp 476w, https:\/\/leticiahidalgo.com\/wp-content\/uploads\/2026\/02\/Logo-251x300.webp 251w\" sizes=\"(max-width: 476px) 100vw, 476px\" \/>\t\t\t\t\t\t\t\t\t\t\t\t\t\t\t<\/div>\n\t\t\t\t\t<\/div>\n\t\t<\/div>\n\t\t\t\t\t<\/div>\n\t\t<\/section>\n\t\t\t\t<\/div>\n\t\t","protected":false},"excerpt":{"rendered":"<p>Servicios Inicio &#8211; Servicios PROYECTOS Y MEMORIAS VALORADAS Redacci\u00f3n de proyectos t\u00e9cnicos y memorias valoradas para actuaciones de obra p\u00fablica municipal, adaptadas a las necesidades y presupuestos de los Ayuntamientos. CONTACTO DIRECCI\u00d3N DE OBRA Direcci\u00f3n y seguimiento t\u00e9cnico de obras municipales, garantizando la correcta ejecuci\u00f3n conforme al proyecto aprobado y a la normativa vigente. CONTACTO [&hellip;]<\/p>\n","protected":false},"author":1,"featured_media":0,"parent":0,"menu_order":0,"comment_status":"closed","ping_status":"closed","template":"elementor_header_footer","meta":{"footnotes":""},"class_list":["post-22","page","type-page","status-publish","hentry"],"_links":{"self":[{"href":"https:\/\/leticiahidalgo.com\/index.php?rest_route=\/wp\/v2\/pages\/22","targetHints":{"allow":["GET"]}}],"collection":[{"href":"https:\/\/leticiahidalgo.com\/index.php?rest_route=\/wp\/v2\/pages"}],"about":[{"href":"https:\/\/leticiahidalgo.com\/index.php?rest_route=\/wp\/v2\/types\/page"}],"author":[{"embeddable":true,"href":"https:\/\/leticiahidalgo.com\/index.php?rest_route=\/wp\/v2\/users\/1"}],"replies":[{"embeddable":true,"href":"https:\/\/leticiahidalgo.com\/index.php?rest_route=%2Fwp%2Fv2%2Fcomments&post=22"}],"version-history":[{"count":28,"href":"https:\/\/leticiahidalgo.com\/index.php?rest_route=\/wp\/v2\/pages\/22\/revisions"}],"predecessor-version":[{"id":181,"href":"https:\/\/leticiahidalgo.com\/index.php?rest_route=\/wp\/v2\/pages\/22\/revisions\/181"}],"wp:attachment":[{"href":"https:\/\/leticiahidalgo.com\/index.php?rest_route=%2Fwp%2Fv2%2Fmedia&parent=22"}],"curies":[{"name":"wp","href":"https:\/\/api.w.org\/{rel}","templated":true}]}}